{"id":3,"date":"2025-11-06T07:25:09","date_gmt":"2025-11-06T07:25:09","guid":{"rendered":"http:\/\/novaone.io\/?page_id=3"},"modified":"2026-03-17T21:16:47","modified_gmt":"2026-03-17T21:16:47","slug":"privacy-policy","status":"publish","type":"page","link":"http:\/\/novaone.io\/es\/privacy-policy\/","title":{"rendered":"Privacy Policy"},"content":{"rendered":"<h1 class=\"wp-block-heading\" data-section-id=\"1jje4jl\" data-start=\"279\" data-end=\"308\">RESPONSABLE DEL TRATAMIENTO<\/h1>\r\n<p data-start=\"310\" data-end=\"359\"><strong data-start=\"310\" data-end=\"338\">V DELF ENTERPRISES, S.L.<\/strong><br data-start=\"338\" data-end=\"341\" \/>CIF: <strong data-start=\"346\" data-end=\"359\">B24935926<\/strong><\/p>\r\n<hr data-start=\"361\" data-end=\"364\" \/>\r\n<h1 data-section-id=\"9vyahi\" data-start=\"366\" data-end=\"408\">FINALIDAD DEL TRATAMIENTO Y CONSERVACI\u00d3N<\/h1>\r\n<p data-start=\"410\" data-end=\"505\">El tratamiento de datos se realiza con la finalidad de <strong data-start=\"465\" data-end=\"504\">gestionar los servicios contratados<\/strong>.<\/p>\r\n<p data-start=\"507\" data-end=\"619\">Asimismo, se podr\u00e1n enviar comunicaciones a trav\u00e9s de medios electr\u00f3nicos y\/o convencionales con el objetivo de:<\/p>\r\n<ul data-start=\"621\" data-end=\"732\">\r\n<li data-section-id=\"1rzrmr2\" data-start=\"621\" data-end=\"732\">\r\n<p data-start=\"623\" data-end=\"732\">Facilitar informaci\u00f3n sobre posibles cambios en el servicio, calidad o sistemas de seguridad para el usuario.<\/p>\r\n<\/li>\r\n<\/ul>\r\n<p data-start=\"734\" data-end=\"1004\">Los datos personales proporcionados se conservar\u00e1n mientras el titular permanezca vinculado con <strong data-start=\"830\" data-end=\"858\">V DELF ENTERPRISES, S.L.<\/strong> por relaci\u00f3n contractual, y durante un plazo de <strong data-start=\"907\" data-end=\"1003\">2 a\u00f1os a partir de la \u00faltima confirmaci\u00f3n de consentimiento para el tratamiento de sus datos<\/strong>.<\/p>\r\n<p data-start=\"1006\" data-end=\"1187\">Posteriormente, los datos ser\u00e1n suprimidos conforme a lo dispuesto en la normativa de protecci\u00f3n de datos, lo que implica su bloqueo, quedando disponibles \u00fanicamente a solicitud de:<\/p>\r\n<ul data-start=\"1189\" data-end=\"1300\">\r\n<li data-section-id=\"19zbnyr\" data-start=\"1189\" data-end=\"1212\">\r\n<p data-start=\"1191\" data-end=\"1212\">Jueces y Tribunales<\/p>\r\n<\/li>\r\n<li data-section-id=\"csjk3q\" data-start=\"1213\" data-end=\"1236\">\r\n<p data-start=\"1215\" data-end=\"1236\">Defensor del Pueblo<\/p>\r\n<\/li>\r\n<li data-section-id=\"102fc1b\" data-start=\"1237\" data-end=\"1258\">\r\n<p data-start=\"1239\" data-end=\"1258\">Ministerio Fiscal<\/p>\r\n<\/li>\r\n<li data-section-id=\"1thaf1u\" data-start=\"1259\" data-end=\"1300\">\r\n<p data-start=\"1261\" data-end=\"1300\">Administraciones P\u00fablicas competentes<\/p>\r\n<\/li>\r\n<\/ul>\r\n<p data-start=\"1302\" data-end=\"1442\">durante el plazo de prescripci\u00f3n de las acciones que pudieran derivarse y, transcurrido dicho plazo, se proceder\u00e1 a su completa eliminaci\u00f3n.<\/p>\r\n<hr data-start=\"1444\" data-end=\"1447\" \/>\r\n<h1 data-section-id=\"xfs9qk\" data-start=\"1449\" data-end=\"1479\">LEGITIMACI\u00d3N DEL TRATAMIENTO<\/h1>\r\n<p data-start=\"1481\" data-end=\"1545\">La base jur\u00eddica para el tratamiento de sus datos personales es:<\/p>\r\n<ul data-start=\"1547\" data-end=\"1707\">\r\n<li data-section-id=\"9bfdlx\" data-start=\"1547\" data-end=\"1649\">\r\n<p data-start=\"1549\" data-end=\"1649\"><strong data-start=\"1549\" data-end=\"1578\">La ejecuci\u00f3n del contrato<\/strong> y la prestaci\u00f3n de servicios por parte de <strong data-start=\"1621\" data-end=\"1649\">V DELF ENTERPRISES, S.L.<\/strong><\/p>\r\n<\/li>\r\n<li data-section-id=\"u2zgho\" data-start=\"1650\" data-end=\"1707\">\r\n<p data-start=\"1652\" data-end=\"1707\"><strong data-start=\"1652\" data-end=\"1695\">El cumplimiento de obligaciones legales<\/strong> aplicables.<\/p>\r\n<\/li>\r\n<\/ul>\r\n<hr data-start=\"1709\" data-end=\"1712\" \/>\r\n<h1 data-section-id=\"1twivc9\" data-start=\"1714\" data-end=\"1758\">DESTINATARIOS DE CESIONES O TRANSFERENCIAS<\/h1>\r\n<p data-start=\"1760\" data-end=\"1892\">Los datos personales necesarios para prestar el servicio podr\u00e1n ser compartidos con proveedores cuando as\u00ed lo requiera la actividad.<\/p>\r\n<p data-start=\"1894\" data-end=\"1926\">En dichos casos se informar\u00e1 de:<\/p>\r\n<ul data-start=\"1928\" data-end=\"2014\">\r\n<li data-section-id=\"9ndcka\" data-start=\"1928\" data-end=\"1945\">\r\n<p data-start=\"1930\" data-end=\"1945\">destinatarios<\/p>\r\n<\/li>\r\n<li data-section-id=\"140nzfr\" data-start=\"1946\" data-end=\"1975\">\r\n<p data-start=\"1948\" data-end=\"1975\">finalidad del tratamiento<\/p>\r\n<\/li>\r\n<li data-section-id=\"1pu9npz\" data-start=\"1976\" data-end=\"2014\">\r\n<p data-start=\"1978\" data-end=\"2014\">tiempo de conservaci\u00f3n de los datos.<\/p>\r\n<\/li>\r\n<\/ul>\r\n<p data-start=\"2016\" data-end=\"2072\">Tambi\u00e9n podr\u00e1n ser comunicados cuando sea requerido por:<\/p>\r\n<ul data-start=\"2074\" data-end=\"2189\">\r\n<li data-section-id=\"bbl5ee\" data-start=\"2074\" data-end=\"2104\">\r\n<p data-start=\"2076\" data-end=\"2104\">Administraci\u00f3n de Justicia<\/p>\r\n<\/li>\r\n<li data-section-id=\"npqijj\" data-start=\"2105\" data-end=\"2148\">\r\n<p data-start=\"2107\" data-end=\"2148\">Agencia Espa\u00f1ola de Protecci\u00f3n de Datos<\/p>\r\n<\/li>\r\n<li data-section-id=\"pnsxuk\" data-start=\"2149\" data-end=\"2189\">\r\n<p data-start=\"2151\" data-end=\"2189\">Administraciones P\u00fablicas competentes.<\/p>\r\n<\/li>\r\n<\/ul>\r\n<p data-start=\"2191\" data-end=\"2313\">La lista completa de <strong data-start=\"2212\" data-end=\"2242\">Encargados del Tratamiento<\/strong> podr\u00e1 solicitarse mediante comunicaci\u00f3n a <strong data-start=\"2285\" data-end=\"2313\">V DELF ENTERPRISES, S.L.<\/strong><\/p>\r\n<p data-start=\"2315\" data-end=\"2406\"><strong data-start=\"2315\" data-end=\"2406\">V DELF ENTERPRISES, S.L. no realiza transferencias internacionales de datos personales.<\/strong><\/p>\r\n<p data-start=\"2408\" data-end=\"2574\">En caso de que en el futuro se realizasen, se informar\u00eda previamente y se garantizar\u00eda el cumplimiento del <strong data-start=\"2515\" data-end=\"2574\">Reglamento (UE) 2016\/679 de Protecci\u00f3n de Datos (RGPD).<\/strong><\/p>\r\n<hr data-start=\"2576\" data-end=\"2579\" \/>\r\n<h1 data-section-id=\"1gjuq7u\" data-start=\"2581\" data-end=\"2619\">DERECHOS DE LAS PERSONAS INTERESADAS<\/h1>\r\n<p data-start=\"2621\" data-end=\"2711\">Los titulares de los datos tienen derecho a ejercer gratuitamente los siguientes derechos:<\/p>\r\n<ul data-start=\"2713\" data-end=\"2828\">\r\n<li data-section-id=\"1fhetdc\" data-start=\"2713\" data-end=\"2723\">\r\n<p data-start=\"2715\" data-end=\"2723\">Acceso<\/p>\r\n<\/li>\r\n<li data-section-id=\"mtnxbv\" data-start=\"2724\" data-end=\"2741\">\r\n<p data-start=\"2726\" data-end=\"2741\">Rectificaci\u00f3n<\/p>\r\n<\/li>\r\n<li data-section-id=\"11eu58u\" data-start=\"2742\" data-end=\"2755\">\r\n<p data-start=\"2744\" data-end=\"2755\">Supresi\u00f3n<\/p>\r\n<\/li>\r\n<li data-section-id=\"h4f20w\" data-start=\"2756\" data-end=\"2786\">\r\n<p data-start=\"2758\" data-end=\"2786\">Limitaci\u00f3n del tratamiento<\/p>\r\n<\/li>\r\n<li data-section-id=\"1jlf8b9\" data-start=\"2787\" data-end=\"2800\">\r\n<p data-start=\"2789\" data-end=\"2800\">Oposici\u00f3n<\/p>\r\n<\/li>\r\n<li data-section-id=\"1mvs5er\" data-start=\"2801\" data-end=\"2828\">\r\n<p data-start=\"2803\" data-end=\"2828\">Portabilidad de los datos<\/p>\r\n<\/li>\r\n<\/ul>\r\n<p data-start=\"2830\" data-end=\"2969\">Estos derechos pueden ejercerse mediante solicitud dirigida a <strong data-start=\"2892\" data-end=\"2920\">V DELF ENTERPRISES, S.L.<\/strong> a trav\u00e9s de los canales de contacto habilitados.<\/p>\r\n<hr data-start=\"2971\" data-end=\"2974\" \/>\r\n<h1 data-section-id=\"1w7d7f9\" data-start=\"2976\" data-end=\"3002\">PROCEDENCIA DE LOS DATOS<\/h1>\r\n<p data-start=\"3004\" data-end=\"3090\">Los datos que tratamos han sido <strong data-start=\"3036\" data-end=\"3089\">facilitados directamente por el propio interesado<\/strong>.<\/p>\r\n<hr data-start=\"3092\" data-end=\"3095\" \/>\r\n<h1 data-section-id=\"1vxrsx7\" data-start=\"3097\" data-end=\"3120\">INFORMACI\u00d3N ADICIONAL<\/h1>\r\n<p data-start=\"3122\" data-end=\"3242\">Puede consultar informaci\u00f3n adicional sobre protecci\u00f3n de datos en la web de la Agencia Espa\u00f1ola de Protecci\u00f3n de Datos:<\/p>\r\n<p data-start=\"3244\" data-end=\"3263\"><a class=\"decorated-link\" href=\"https:\/\/www.aepd.es\" target=\"_new\" rel=\"noopener\" data-start=\"3244\" data-end=\"3263\">https:\/\/www.aepd.es<\/a><\/p>\r\n<hr data-start=\"3265\" data-end=\"3268\" \/>\r\n<h1 data-section-id=\"1wapnxt\" data-start=\"3270\" data-end=\"3296\">POL\u00cdTICA DE PRIVACIDAD<\/h1>\r\n<h2 data-section-id=\"1c1bmv9\" data-start=\"3297\" data-end=\"3347\">EN EL TRATAMIENTO DE DATOS DE CAR\u00c1CTER PERSONAL<\/h2>\r\n<p data-start=\"3349\" data-end=\"3700\">De conformidad con lo establecido en el <strong data-start=\"3389\" data-end=\"3484\">Reglamento (UE) 2016\/679 del Parlamento Europeo y del Consejo de 27 de abril de 2016 (RGPD)<\/strong> relativo a la protecci\u00f3n de las personas f\u00edsicas en lo que respecta al tratamiento de datos personales y a la libre circulaci\u00f3n de estos datos, a continuaci\u00f3n informamos sobre la pol\u00edtica de privacidad aplicada por:<\/p>\r\n<p data-start=\"3702\" data-end=\"3730\"><strong data-start=\"3702\" data-end=\"3730\">V DELF ENTERPRISES, S.L.<\/strong><\/p>\r\n<p data-start=\"3732\" data-end=\"3877\">Se entender\u00e1 por <strong data-start=\"3749\" data-end=\"3784\">tratamiento de datos personales<\/strong> cualquier operaci\u00f3n o conjunto de operaciones realizadas sobre datos personales, tales como:<\/p>\r\n<ul data-start=\"3879\" data-end=\"4038\">\r\n<li data-section-id=\"23sqa8\" data-start=\"3879\" data-end=\"3895\">\r\n<p data-start=\"3881\" data-end=\"3895\">recopilaci\u00f3n<\/p>\r\n<\/li>\r\n<li data-section-id=\"1fo1cob\" data-start=\"3896\" data-end=\"3908\">\r\n<p data-start=\"3898\" data-end=\"3908\">registro<\/p>\r\n<\/li>\r\n<li data-section-id=\"1h89y0o\" data-start=\"3909\" data-end=\"3925\">\r\n<p data-start=\"3911\" data-end=\"3925\">organizaci\u00f3n<\/p>\r\n<\/li>\r\n<li data-section-id=\"w0s3kk\" data-start=\"3926\" data-end=\"3944\">\r\n<p data-start=\"3928\" data-end=\"3944\">almacenamiento<\/p>\r\n<\/li>\r\n<li data-section-id=\"vv31rx\" data-start=\"3945\" data-end=\"3961\">\r\n<p data-start=\"3947\" data-end=\"3961\">modificaci\u00f3n<\/p>\r\n<\/li>\r\n<li data-section-id=\"ewhph1\" data-start=\"3962\" data-end=\"3974\">\r\n<p data-start=\"3964\" data-end=\"3974\">consulta<\/p>\r\n<\/li>\r\n<li data-section-id=\"1f9jpvt\" data-start=\"3975\" data-end=\"3990\">\r\n<p data-start=\"3977\" data-end=\"3990\">utilizaci\u00f3n<\/p>\r\n<\/li>\r\n<li data-section-id=\"13fm172\" data-start=\"3991\" data-end=\"4007\">\r\n<p data-start=\"3993\" data-end=\"4007\">comunicaci\u00f3n<\/p>\r\n<\/li>\r\n<li data-section-id=\"1o8b2s8\" data-start=\"4008\" data-end=\"4023\">\r\n<p data-start=\"4010\" data-end=\"4023\">cancelaci\u00f3n<\/p>\r\n<\/li>\r\n<li data-section-id=\"1vk9exf\" data-start=\"4024\" data-end=\"4038\">\r\n<p data-start=\"4026\" data-end=\"4038\">destrucci\u00f3n.<\/p>\r\n<\/li>\r\n<\/ul>\r\n<p data-start=\"4040\" data-end=\"4137\"><strong data-start=\"4040\" data-end=\"4068\">V DELF ENTERPRISES, S.L.<\/strong> se reserva el derecho de modificar su Pol\u00edtica de Privacidad cuando:<\/p>\r\n<ul data-start=\"4139\" data-end=\"4232\">\r\n<li data-section-id=\"117nwin\" data-start=\"4139\" data-end=\"4174\">\r\n<p data-start=\"4141\" data-end=\"4174\">existan cambios en la normativa<\/p>\r\n<\/li>\r\n<li data-section-id=\"15ovgn3\" data-start=\"4175\" data-end=\"4232\">\r\n<p data-start=\"4177\" data-end=\"4232\">se produzcan modificaciones internas de funcionamiento.<\/p>\r\n<\/li>\r\n<\/ul>\r\n<p data-start=\"4234\" data-end=\"4340\">Las modificaciones ser\u00e1n publicadas en el sitio web correspondiente facilitando al interesado su consulta.<\/p>\r\n<hr data-start=\"4342\" data-end=\"4345\" \/>\r\n<h1 data-section-id=\"akz32l\" data-start=\"4347\" data-end=\"4395\">IDENTIFICACI\u00d3N DEL RESPONSABLE DEL TRATAMIENTO<\/h1>\r\n<p data-start=\"4397\" data-end=\"4446\"><strong data-start=\"4397\" data-end=\"4425\">V DELF ENTERPRISES, S.L.<\/strong><br data-start=\"4425\" data-end=\"4428\" \/>CIF: <strong data-start=\"4433\" data-end=\"4446\">B24935926<\/strong><\/p>\r\n<hr data-start=\"4448\" data-end=\"4451\" \/>\r\n<h1 data-section-id=\"zm1wgu\" data-start=\"4453\" data-end=\"4498\">INFORMACI\u00d3N Y CONSENTIMIENTO DEL INTERESADO<\/h1>\r\n<p data-start=\"4500\" data-end=\"4733\">Mediante la lectura de la presente Pol\u00edtica de Privacidad, el cliente, usuario o cualquier tercero cuyos datos sean tratados por <strong data-start=\"4629\" data-end=\"4657\">V DELF ENTERPRISES, S.L.<\/strong> queda informado de c\u00f3mo se recaban, tratan y protegen sus datos personales.<\/p>\r\n<p data-start=\"4735\" data-end=\"4778\">Los datos podr\u00e1n ser recabados a trav\u00e9s de:<\/p>\r\n<ul data-start=\"4780\" data-end=\"4950\">\r\n<li data-section-id=\"jwun75\" data-start=\"4780\" data-end=\"4799\">\r\n<p data-start=\"4782\" data-end=\"4799\">Formularios web<\/p>\r\n<\/li>\r\n<li data-section-id=\"bhlbj3\" data-start=\"4800\" data-end=\"4822\">\r\n<p data-start=\"4802\" data-end=\"4822\">Correo electr\u00f3nico<\/p>\r\n<\/li>\r\n<li data-section-id=\"z568iu\" data-start=\"4823\" data-end=\"4850\">\r\n<p data-start=\"4825\" data-end=\"4850\">Comunicaci\u00f3n telef\u00f3nica<\/p>\r\n<\/li>\r\n<li data-section-id=\"1b6l7y5\" data-start=\"4851\" data-end=\"4903\">\r\n<p data-start=\"4853\" data-end=\"4903\">Mensajer\u00eda instant\u00e1nea (WhatsApp u otros medios)<\/p>\r\n<\/li>\r\n<li data-section-id=\"b3avkl\" data-start=\"4904\" data-end=\"4950\">\r\n<p data-start=\"4906\" data-end=\"4950\">Cualquier otro medio de comunicaci\u00f3n v\u00e1lido.<\/p>\r\n<\/li>\r\n<\/ul>\r\n<p data-start=\"4952\" data-end=\"5061\">Cuando sea necesario conforme al RGPD, se solicitar\u00e1 el <strong data-start=\"5008\" data-end=\"5060\">consentimiento previo y expl\u00edcito del interesado<\/strong>.<\/p>\r\n<hr data-start=\"5063\" data-end=\"5066\" \/>\r\n<h1 data-section-id=\"1g9gsj3\" data-start=\"5068\" data-end=\"5119\">CON QU\u00c9 FINALIDAD TRATAREMOS SUS DATOS PERSONALES<\/h1>\r\n<p data-start=\"5121\" data-end=\"5194\">Los datos personales podr\u00e1n ser tratados para las siguientes finalidades:<\/p>\r\n<ul data-start=\"5196\" data-end=\"5562\">\r\n<li data-section-id=\"225a4i\" data-start=\"5196\" data-end=\"5260\">\r\n<p data-start=\"5198\" data-end=\"5260\">Gesti\u00f3n administrativa y comercial de los servicios prestados.<\/p>\r\n<\/li>\r\n<li data-section-id=\"1qhl1g7\" data-start=\"5261\" data-end=\"5300\">\r\n<p data-start=\"5263\" data-end=\"5300\">Comunicaci\u00f3n con clientes o usuarios.<\/p>\r\n<\/li>\r\n<li data-section-id=\"99s42b\" data-start=\"5301\" data-end=\"5370\">\r\n<p data-start=\"5303\" data-end=\"5370\">Env\u00edo de facturaci\u00f3n y documentaci\u00f3n relacionada con los servicios.<\/p>\r\n<\/li>\r\n<li data-section-id=\"31a02o\" data-start=\"5371\" data-end=\"5432\">\r\n<p data-start=\"5373\" data-end=\"5432\">Env\u00edo de informaci\u00f3n sobre cambios en servicios o sistemas.<\/p>\r\n<\/li>\r\n<li data-section-id=\"a51y5g\" data-start=\"5433\" data-end=\"5522\">\r\n<p data-start=\"5435\" data-end=\"5522\">Env\u00edo de informaci\u00f3n comercial, campa\u00f1as o eventos cuando exista consentimiento previo.<\/p>\r\n<\/li>\r\n<li data-section-id=\"1m48y63\" data-start=\"5523\" data-end=\"5562\">\r\n<p data-start=\"5525\" data-end=\"5562\">Cumplimiento de obligaciones legales.<\/p>\r\n<\/li>\r\n<\/ul>\r\n<hr data-start=\"5564\" data-end=\"5567\" \/>\r\n<h1 data-section-id=\"mk11zp\" data-start=\"5569\" data-end=\"5607\">QU\u00c9 DATOS PERSONALES PODREMOS TRATAR<\/h1>\r\n<p data-start=\"5609\" data-end=\"5657\">Las categor\u00edas de datos que podr\u00e1n tratarse son:<\/p>\r\n<p data-start=\"5659\" data-end=\"5684\"><strong data-start=\"5659\" data-end=\"5684\">Datos identificativos<\/strong><\/p>\r\n<ul data-start=\"5686\" data-end=\"5749\">\r\n<li data-section-id=\"11yxpil\" data-start=\"5686\" data-end=\"5708\">\r\n<p data-start=\"5688\" data-end=\"5708\">Nombre y apellidos<\/p>\r\n<\/li>\r\n<li data-section-id=\"uub377\" data-start=\"5709\" data-end=\"5735\">\r\n<p data-start=\"5711\" data-end=\"5735\">Documento de identidad<\/p>\r\n<\/li>\r\n<li data-section-id=\"2vrosq\" data-start=\"5736\" data-end=\"5749\">\r\n<p data-start=\"5738\" data-end=\"5749\">CIF o NIF<\/p>\r\n<\/li>\r\n<\/ul>\r\n<p data-start=\"5751\" data-end=\"5772\"><strong data-start=\"5751\" data-end=\"5772\">Datos de contacto<\/strong><\/p>\r\n<ul data-start=\"5774\" data-end=\"5830\">\r\n<li data-section-id=\"b3xt03\" data-start=\"5774\" data-end=\"5794\">\r\n<p data-start=\"5776\" data-end=\"5794\">Direcci\u00f3n postal<\/p>\r\n<\/li>\r\n<li data-section-id=\"eg1das\" data-start=\"5795\" data-end=\"5807\">\r\n<p data-start=\"5797\" data-end=\"5807\">Tel\u00e9fono<\/p>\r\n<\/li>\r\n<li data-section-id=\"bhlbj3\" data-start=\"5808\" data-end=\"5830\">\r\n<p data-start=\"5810\" data-end=\"5830\">Correo electr\u00f3nico<\/p>\r\n<\/li>\r\n<\/ul>\r\n<p data-start=\"5832\" data-end=\"5890\"><strong data-start=\"5832\" data-end=\"5890\">Otros datos necesarios para la prestaci\u00f3n de servicios<\/strong><\/p>\r\n<hr data-start=\"5892\" data-end=\"5895\" \/>\r\n<h1 data-section-id=\"t68lks\" data-start=\"5897\" data-end=\"5924\">CONSERVACI\u00d3N DE LOS DATOS<\/h1>\r\n<p data-start=\"5926\" data-end=\"6076\">Los datos personales se conservar\u00e1n <strong data-start=\"5962\" data-end=\"6018\">mientras exista una relaci\u00f3n contractual o comercial<\/strong> con el interesado o mientras no se solicite su supresi\u00f3n.<\/p>\r\n<p data-start=\"6078\" data-end=\"6193\">Posteriormente se bloquear\u00e1n durante los plazos legales necesarios para atender posibles responsabilidades legales.<\/p>\r\n<hr data-start=\"6195\" data-end=\"6198\" \/>\r\n<h1 data-section-id=\"tk8t0r\" data-start=\"6200\" data-end=\"6217\">CESI\u00d3N DE DATOS<\/h1>\r\n<p data-start=\"6219\" data-end=\"6250\">Los datos podr\u00e1n comunicarse a:<\/p>\r\n<ul data-start=\"6252\" data-end=\"6424\">\r\n<li data-section-id=\"ah6yht\" data-start=\"6252\" data-end=\"6280\">\r\n<p data-start=\"6254\" data-end=\"6280\">proveedores tecnol\u00f3gicos<\/p>\r\n<\/li>\r\n<li data-section-id=\"uyoreh\" data-start=\"6281\" data-end=\"6312\">\r\n<p data-start=\"6283\" data-end=\"6312\">asesores legales o fiscales<\/p>\r\n<\/li>\r\n<li data-section-id=\"8gygpy\" data-start=\"6313\" data-end=\"6370\">\r\n<p data-start=\"6315\" data-end=\"6370\">proveedores de servicios necesarios para la actividad<\/p>\r\n<\/li>\r\n<li data-section-id=\"ghmsl7\" data-start=\"6371\" data-end=\"6400\">\r\n<p data-start=\"6373\" data-end=\"6400\">Administraciones P\u00fablicas<\/p>\r\n<\/li>\r\n<li data-section-id=\"19zbnyr\" data-start=\"6401\" data-end=\"6424\">\r\n<p data-start=\"6403\" data-end=\"6424\">Jueces y Tribunales<\/p>\r\n<\/li>\r\n<\/ul>\r\n<p data-start=\"6426\" data-end=\"6466\">siempre conforme a la normativa vigente.<\/p>\r\n<hr data-start=\"6468\" data-end=\"6471\" \/>\r\n<h1 data-section-id=\"14ceydt\" data-start=\"6473\" data-end=\"6496\">EJERCICIO DE DERECHOS<\/h1>\r\n<p data-start=\"6498\" data-end=\"6697\">El interesado podr\u00e1 ejercer sus derechos enviando una solicitud a <strong data-start=\"6564\" data-end=\"6592\">V DELF ENTERPRISES, S.L.<\/strong>, indicando la referencia <strong data-start=\"6618\" data-end=\"6643\">\u201cProtecci\u00f3n de Datos\u201d<\/strong> y adjuntando copia de su DNI o documento equivalente.<\/p>\r\n<p data-start=\"6699\" data-end=\"6799\">Asimismo, tiene derecho a presentar reclamaci\u00f3n ante la <strong data-start=\"6755\" data-end=\"6798\">Agencia Espa\u00f1ola de Protecci\u00f3n de Datos<\/strong>.<\/p>\r\n<hr data-start=\"6801\" data-end=\"6804\" \/>\r\n<h1 data-section-id=\"1fg876y\" data-start=\"6806\" data-end=\"6828\">MEDIDAS DE SEGURIDAD<\/h1>\r\n<p data-start=\"6830\" data-end=\"6996\"><strong data-start=\"6830\" data-end=\"6858\">V DELF ENTERPRISES, S.L.<\/strong> tratar\u00e1 los datos de forma confidencial y aplicar\u00e1 las medidas t\u00e9cnicas y organizativas necesarias para garantizar su seguridad y evitar:<\/p>\r\n<ul data-start=\"6998\" data-end=\"7073\">\r\n<li data-section-id=\"7r22az\" data-start=\"6998\" data-end=\"7009\">\r\n<p data-start=\"7000\" data-end=\"7009\">p\u00e9rdida<\/p>\r\n<\/li>\r\n<li data-section-id=\"1e65tw0\" data-start=\"7010\" data-end=\"7024\">\r\n<p data-start=\"7012\" data-end=\"7024\">alteraci\u00f3n<\/p>\r\n<\/li>\r\n<li data-section-id=\"jcsz6d\" data-start=\"7025\" data-end=\"7049\">\r\n<p data-start=\"7027\" data-end=\"7049\">acceso no autorizado<\/p>\r\n<\/li>\r\n<li data-section-id=\"7xhfc6\" data-start=\"7050\" data-end=\"7073\">\r\n<p data-start=\"7052\" data-end=\"7073\">tratamiento indebido.<\/p>\r\n<\/li>\r\n<\/ul>\r\n<p data-start=\"7075\" data-end=\"7202\">No obstante, el usuario debe ser consciente de que las medidas de seguridad en Internet <strong data-start=\"7163\" data-end=\"7201\">no son completamente invulnerables<\/strong>.<\/p>","protected":false},"excerpt":{"rendered":"<p>RESPONSABLE DEL TRATAMIENTO V DELF ENTERPRISES, S.L.CIF: B24935926 FINALIDAD DEL TRATAMIENTO Y CONSERVACI\u00d3N El tratamiento de datos se realiza con la finalidad de gestionar los servicios contratados. Asimismo, se podr\u00e1n enviar comunicaciones a trav\u00e9s de medios electr\u00f3nicos y\/o convencionales con el objetivo de: Facilitar informaci\u00f3n sobre posibles cambios en el servicio, calidad o sistemas de [&hellip;]<\/p>","protected":false},"author":1,"featured_media":0,"parent":0,"menu_order":0,"comment_status":"closed","ping_status":"open","template":"","meta":{"_acf_changed":false,"footnotes":""},"class_list":["post-3","page","type-page","status-publish","hentry"],"blocksy_meta":[],"acf":[],"_links":{"self":[{"href":"http:\/\/novaone.io\/es\/wp-json\/wp\/v2\/pages\/3","targetHints":{"allow":["GET"]}}],"collection":[{"href":"http:\/\/novaone.io\/es\/wp-json\/wp\/v2\/pages"}],"about":[{"href":"http:\/\/novaone.io\/es\/wp-json\/wp\/v2\/types\/page"}],"author":[{"embeddable":true,"href":"http:\/\/novaone.io\/es\/wp-json\/wp\/v2\/users\/1"}],"replies":[{"embeddable":true,"href":"http:\/\/novaone.io\/es\/wp-json\/wp\/v2\/comments?post=3"}],"version-history":[{"count":2,"href":"http:\/\/novaone.io\/es\/wp-json\/wp\/v2\/pages\/3\/revisions"}],"predecessor-version":[{"id":570,"href":"http:\/\/novaone.io\/es\/wp-json\/wp\/v2\/pages\/3\/revisions\/570"}],"wp:attachment":[{"href":"http:\/\/novaone.io\/es\/wp-json\/wp\/v2\/media?parent=3"}],"curies":[{"name":"wp","href":"https:\/\/api.w.org\/{rel}","templated":true}]}}